{"id":4816,"date":"2024-06-07T11:31:09","date_gmt":"2024-06-07T09:31:09","guid":{"rendered":"https:\/\/www.cbwm.ch\/accueil\/"},"modified":"2025-04-01T11:47:23","modified_gmt":"2025-04-01T09:47:23","slug":"accueil","status":"publish","type":"page","link":"https:\/\/www.cbwm.ch\/en\/","title":{"rendered":"Home"},"content":{"rendered":"\n        <\/div>\n                                            <div class=\"slider slider-load \"  style=\"\">\n                            <div class=\"slide\" style=\"background-image: url(https:\/\/www.cbwm.ch\/wp-content\/uploads\/2024\/06\/cbwm-batiment-slider.jpg);\"><\/div>\n                            <div class=\"slide\" style=\"background-image: url(https:\/\/www.cbwm.ch\/wp-content\/uploads\/2024\/06\/cbwm-avocats-slider.jpg);\"><\/div>\n                            <div class=\"slide\" style=\"background-image: url(https:\/\/www.cbwm.ch\/wp-content\/uploads\/2024\/06\/cbwm-avocats-slider-2.jpg);\"><\/div>\n                        <\/div>\n            <div class=\"slick-caption container\">\n                <div class=\"slick-caption-inner\">\n                    <h2>Specialist lawyers in Lausanne<\/h2>\n                <\/div>\n            <\/div>\n                <div class=\"container\">\n\n\n\n\n\n<div class=\"wp-block-group is-style-section\"><div class=\"wp-bootstrap-blocks-row row align-items-center\">\n\t\n\n<div class=\"col-12 col-md-3\">\n\t\t\t<div class=\"h-100 d-flex flex-column justify-content-center\">\n\t\t\t\n\n<h2 class=\"wp-block-heading\">Specializations<\/h2>\n\n\n\n<p>Proven, complementary services from recognized specialists.<\/p>\n\n\n\n<div class=\"wp-block-buttons is-layout-flex wp-block-buttons-is-layout-flex\">\n<div class=\"wp-block-button\"><a class=\"wp-block-button__link wp-element-button\" href=\"https:\/\/www.cbwm.ch\/en\/specializations\/\">See more<\/a><\/div>\n<\/div>\n\n\t\t<\/div>\n\t<\/div>\n\n\n\n<div class=\"col-12 col-md-8 offset-md-1\">\n\t\t\t<div class=\"h-100 d-flex flex-column justify-content-center\">\n\t\t\t\n\r\n        <div class=\"specialite-slider\" style=\"\">\r\n            <div class=\"slide\">                <div class=\"specialite-item\">\r\n                    <a href=\"https:\/\/www.cbwm.ch\/en\/specialite\/private-wealth-and-family-office\/\" title=\"Private wealth and family office\">\r\n                        <h3>Private wealth and family office<\/h3>\r\n                    <\/a>\r\n                <\/div>\r\n                \r\n                                <div class=\"specialite-item\">\r\n                    <a href=\"https:\/\/www.cbwm.ch\/en\/specialite\/banking-and-financial-law-2\/\" title=\"Banking and Financial law\">\r\n                        <h3>Banking and Financial law<\/h3>\r\n                    <\/a>\r\n                <\/div>\r\n                \r\n                                <div class=\"specialite-item\">\r\n                    <a href=\"https:\/\/www.cbwm.ch\/en\/specialite\/labour-private-and-public-and-insurance-law\/\" title=\"Labour (private and public) and insurance law\">\r\n                        <h3>Labour (private and public) and insurance law<\/h3>\r\n                    <\/a>\r\n                <\/div>\r\n                \r\n                                <div class=\"specialite-item\">\r\n                    <a href=\"https:\/\/www.cbwm.ch\/en\/specialite\/contract-law\/\" title=\"Contract law\">\r\n                        <h3>Contract law<\/h3>\r\n                    <\/a>\r\n                <\/div>\r\n                \r\n                                <div class=\"specialite-item\">\r\n                    <a href=\"https:\/\/www.cbwm.ch\/en\/specialite\/arbitration\/\" title=\"Arbitration\">\r\n                        <h3>Arbitration<\/h3>\r\n                    <\/a>\r\n                <\/div>\r\n                \r\n                <\/div><div class=\"slide\">                <div class=\"specialite-item\">\r\n                    <a href=\"https:\/\/www.cbwm.ch\/en\/specialite\/criminal-law\/\" title=\"Criminal law\">\r\n                        <h3>Criminal law<\/h3>\r\n                    <\/a>\r\n                <\/div>\r\n                \r\n                                <div class=\"specialite-item\">\r\n                    <a href=\"https:\/\/www.cbwm.ch\/en\/specialite\/commercial-and-corporate-law\/\" title=\"Commercial and corporate law\">\r\n                        <h3>Commercial and corporate law<\/h3>\r\n                    <\/a>\r\n                <\/div>\r\n                \r\n                                <div class=\"specialite-item\">\r\n                    <a href=\"https:\/\/www.cbwm.ch\/en\/specialite\/inheritance-law\/\" title=\"Inheritance law\">\r\n                        <h3>Inheritance law<\/h3>\r\n                    <\/a>\r\n                <\/div>\r\n                \r\n                                <div class=\"specialite-item\">\r\n                    <a href=\"https:\/\/www.cbwm.ch\/en\/specialite\/new-technologies-2\/\" title=\"New Technologies\">\r\n                        <h3>New Technologies<\/h3>\r\n                    <\/a>\r\n                <\/div>\r\n                \r\n                                <div class=\"specialite-item\">\r\n                    <a href=\"https:\/\/www.cbwm.ch\/en\/specialite\/planning-building-permits-and-environmental-law\/\" title=\"Planning, building permits and environmental law\">\r\n                        <h3>Planning, building permits and environmental law<\/h3>\r\n                    <\/a>\r\n                <\/div>\r\n                \r\n                <\/div><div class=\"slide\">                <div class=\"specialite-item\">\r\n                    <a href=\"https:\/\/www.cbwm.ch\/en\/specialite\/mediation\/\" title=\"Mediation\">\r\n                        <h3>Mediation<\/h3>\r\n                    <\/a>\r\n                <\/div>\r\n                \r\n                                <div class=\"specialite-item\">\r\n                    <a href=\"https:\/\/www.cbwm.ch\/en\/specialite\/construction-and-real-estate-law\/\" title=\"Construction and real estate law\">\r\n                        <h3>Construction and real estate law<\/h3>\r\n                    <\/a>\r\n                <\/div>\r\n                \r\n                                <div class=\"specialite-item\">\r\n                    <a href=\"https:\/\/www.cbwm.ch\/en\/specialite\/family-law-and-divorce\/\" title=\"Family law and divorce\">\r\n                        <h3>Family law and divorce<\/h3>\r\n                    <\/a>\r\n                <\/div>\r\n                \r\n                                <div class=\"specialite-item\">\r\n                    <a href=\"https:\/\/www.cbwm.ch\/en\/specialite\/civil-liability\/\" title=\"Civil liability\">\r\n                        <h3>Civil liability<\/h3>\r\n                    <\/a>\r\n                <\/div>\r\n                \r\n                                <div class=\"specialite-item\">\r\n                    <a href=\"https:\/\/www.cbwm.ch\/en\/specialite\/administrative-law-and-public-entities\/\" title=\"Administrative law and public entities\">\r\n                        <h3>Administrative law and public entities<\/h3>\r\n                    <\/a>\r\n                <\/div>\r\n                \r\n                <\/div>        <\/div>\r\n    \n\t\t<\/div>\n\t<\/div>\n\n<\/div>\n<\/div>\n\n\n\n<div class=\"wp-block-group alignfull is-style-section has-grey-color-background-color has-background\"><div class=\"container\"><div class=\"wp-bootstrap-blocks-row row align-items-center\">\n\t\n\n<div class=\"col-12 col-md-6\">\n\t\t\t<div class=\"h-100 d-flex flex-column justify-content-center\">\n\t\t\t\n\n<figure class=\"wp-block-image size-full\"><img loading=\"lazy\" decoding=\"async\" width=\"1920\" height=\"1277\" src=\"https:\/\/www.cbwm.ch\/wp-content\/uploads\/2024\/06\/cbwm-batiment-slider.jpg\" alt=\"B\u00e2timent CBWM Lausanne\" class=\"wp-image-66\" srcset=\"https:\/\/www.cbwm.ch\/wp-content\/uploads\/2024\/06\/cbwm-batiment-slider.jpg 1920w, https:\/\/www.cbwm.ch\/wp-content\/uploads\/2024\/06\/cbwm-batiment-slider-300x200.jpg 300w, https:\/\/www.cbwm.ch\/wp-content\/uploads\/2024\/06\/cbwm-batiment-slider-1024x681.jpg 1024w, https:\/\/www.cbwm.ch\/wp-content\/uploads\/2024\/06\/cbwm-batiment-slider-768x511.jpg 768w, https:\/\/www.cbwm.ch\/wp-content\/uploads\/2024\/06\/cbwm-batiment-slider-1536x1022.jpg 1536w, https:\/\/www.cbwm.ch\/wp-content\/uploads\/2024\/06\/cbwm-batiment-slider-451x300.jpg 451w\" sizes=\"auto, (max-width: 1920px) 100vw, 1920px\" \/><\/figure>\n\n\t\t<\/div>\n\t<\/div>\n\n\n\n<div class=\"col-12 col-md-5 offset-md-1\">\n\t\t\t<div class=\"h-100 d-flex flex-column justify-content-center\">\n\t\t\t\n\n<h2 class=\"wp-block-heading\">The law firm<\/h2>\n\n\n\n<p>For several decades, we have been one of the leading law firms in the Lake Geneva region. Our four founding partners Fran\u00e7ois Chaudet, Beno\u00eet Bovay, R\u00e9my Wyler and Guy Mustaki have focused on controlled growth, establishing a reputation for excellence in their respective fields over the years.<\/p>\n\n\n\n<p>In the day-to-day exercise of our skills, our ability to listen, quality of service, proximity to our customers and efficiency in handling cases are some of our shared values.<\/p>\n\n\n\n<div class=\"wp-block-buttons is-layout-flex wp-block-buttons-is-layout-flex\">\n<div class=\"wp-block-button\"><a class=\"wp-block-button__link wp-element-button\" href=\"https:\/\/www.cbwm.ch\/en\/etude\/\">See more<\/a><\/div>\n<\/div>\n\n\t\t<\/div>\n\t<\/div>\n\n<\/div>\n<\/div><\/div>\n\n\n\n<div class=\"wp-block-group is-style-section\">\n<h2 class=\"wp-block-heading\">Our latest news<\/h2>\n\n\n\n<iframe src='https:\/\/widgets.sociablekit.com\/linkedin-page-posts\/iframe\/25525345' frameborder='0' width='100%' height='800'><\/iframe>\n<\/div>\n\n\n\n<div class=\"wp-block-group is-style-section\">\n<h2 class=\"wp-block-heading has-text-align-center\">Lawyers<\/h2>\n\n\n\n<p class=\"has-text-align-center\">Proven, complementary services from specialists<\/p>\n\n\n\r\n    <div class=\"acf-block acf-section\" style=\"\">\r\n        <div class=\"avocats-slider\">\r\n                            <div class=\"avocat-slide\">\r\n                    <a href=\"https:\/\/www.cbwm.ch\/en\/avocats\/francois-chaudet\/\">\r\n                                                                            <img decoding=\"async\" src=\"https:\/\/www.cbwm.ch\/wp-content\/uploads\/2024\/07\/francois-chaudet.jpg\" alt=\"Fran\u00e7ois Chaudet\" \/>\r\n                                                <h3>Fran\u00e7ois Chaudet<\/h3>\r\n                        <p>Legal Adviser<\/p>\r\n                    <\/a>\r\n                <\/div>\r\n                            <div class=\"avocat-slide\">\r\n                    <a href=\"https:\/\/www.cbwm.ch\/en\/avocats\/benoit-bovay\/\">\r\n                                                                            <img decoding=\"async\" src=\"https:\/\/www.cbwm.ch\/wp-content\/uploads\/2024\/07\/benoit-bovay-e1739874754578.jpg\" alt=\"Benoit Bovay\" \/>\r\n                                                <h3>Beno\u00eet Bovay<\/h3>\r\n                        <p>Partner<\/p>\r\n                    <\/a>\r\n                <\/div>\r\n                            <div class=\"avocat-slide\">\r\n                    <a href=\"https:\/\/www.cbwm.ch\/en\/avocats\/remy-wyler\/\">\r\n                                                                            <img decoding=\"async\" src=\"https:\/\/www.cbwm.ch\/wp-content\/uploads\/2024\/07\/remy-wyler.jpg\" alt=\"R\u00e9my Wyler\" \/>\r\n                                                <h3>R\u00e9my Wyler<\/h3>\r\n                        <p>Partner<\/p>\r\n                    <\/a>\r\n                <\/div>\r\n                            <div class=\"avocat-slide\">\r\n                    <a href=\"https:\/\/www.cbwm.ch\/en\/avocats\/guy-mustaki\/\">\r\n                                                                            <img decoding=\"async\" src=\"https:\/\/www.cbwm.ch\/wp-content\/uploads\/2024\/07\/guy-mustaki.jpg\" alt=\"Guy Mustaki\" \/>\r\n                                                <h3>Guy Mustaki<\/h3>\r\n                        <p>Partner<\/p>\r\n                    <\/a>\r\n                <\/div>\r\n                            <div class=\"avocat-slide\">\r\n                    <a href=\"https:\/\/www.cbwm.ch\/en\/avocats\/peter-schaufelberger\/\">\r\n                                                                            <img decoding=\"async\" src=\"https:\/\/www.cbwm.ch\/wp-content\/uploads\/2024\/07\/peter-schaufelberger.jpg\" alt=\"Peter Schaufelberger\" \/>\r\n                                                <h3>Peter Schaufelberger<\/h3>\r\n                        <p>Partner<\/p>\r\n                    <\/a>\r\n                <\/div>\r\n                            <div class=\"avocat-slide\">\r\n                    <a href=\"https:\/\/www.cbwm.ch\/en\/avocats\/jerome-guex\/\">\r\n                                                                            <img decoding=\"async\" src=\"https:\/\/www.cbwm.ch\/wp-content\/uploads\/2024\/07\/jerome-guex.jpg\" alt=\"J\u00e9r\u00f4me Guex\" \/>\r\n                                                <h3>J\u00e9r\u00f4me Guex<\/h3>\r\n                        <p>Partner<\/p>\r\n                    <\/a>\r\n                <\/div>\r\n                            <div class=\"avocat-slide\">\r\n                    <a href=\"https:\/\/www.cbwm.ch\/en\/avocats\/florian-chaudet\/\">\r\n                                                                            <img decoding=\"async\" src=\"https:\/\/www.cbwm.ch\/wp-content\/uploads\/2024\/07\/florian-chaudet.jpg\" alt=\"Florian Chaudet\" \/>\r\n                                                <h3>Florian Chaudet<\/h3>\r\n                        <p>Partner<\/p>\r\n                    <\/a>\r\n                <\/div>\r\n                            <div class=\"avocat-slide\">\r\n                    <a href=\"https:\/\/www.cbwm.ch\/en\/avocats\/thibault-blanchard\/\">\r\n                                                                            <img decoding=\"async\" src=\"https:\/\/www.cbwm.ch\/wp-content\/uploads\/2024\/07\/thibault-blanchard.jpg\" alt=\"Thibault Blanchard\" \/>\r\n                                                <h3>Thibault Blanchard<\/h3>\r\n                        <p>Partner<\/p>\r\n                    <\/a>\r\n                <\/div>\r\n                            <div class=\"avocat-slide\">\r\n                    <a href=\"https:\/\/www.cbwm.ch\/en\/avocats\/aline-bonard\/\">\r\n                                                                            <img decoding=\"async\" src=\"https:\/\/www.cbwm.ch\/wp-content\/uploads\/2024\/07\/aline-bonard.jpg\" alt=\"Aline Bonard\" \/>\r\n                                                <h3>Aline Bonard<\/h3>\r\n                        <p>Partner<\/p>\r\n                    <\/a>\r\n                <\/div>\r\n                            <div class=\"avocat-slide\">\r\n                    <a href=\"https:\/\/www.cbwm.ch\/en\/avocats\/david-regamey\/\">\r\n                                                                            <img decoding=\"async\" src=\"https:\/\/www.cbwm.ch\/wp-content\/uploads\/2024\/07\/david-regamey.jpg\" alt=\"David Regamey\" \/>\r\n                                                <h3>David Regamey<\/h3>\r\n                        <p>Partner<\/p>\r\n                    <\/a>\r\n                <\/div>\r\n                            <div class=\"avocat-slide\">\r\n                    <a href=\"https:\/\/www.cbwm.ch\/en\/avocats\/marie-therese-guignard\/\">\r\n                                                                            <img decoding=\"async\" src=\"https:\/\/www.cbwm.ch\/wp-content\/uploads\/2024\/07\/marie-therese-guignard.jpg\" alt=\"Marie Therese Guignard\" \/>\r\n                                                <h3>Marie-Th\u00e9r\u00e8se Guignard<\/h3>\r\n                        <p>Partner<\/p>\r\n                    <\/a>\r\n                <\/div>\r\n                            <div class=\"avocat-slide\">\r\n                    <a href=\"https:\/\/www.cbwm.ch\/en\/avocats\/maxime-flattet\/\">\r\n                                                                            <img decoding=\"async\" src=\"https:\/\/www.cbwm.ch\/wp-content\/uploads\/2024\/07\/maxime-flattet.jpg\" alt=\"Maxime Flattet\" \/>\r\n                                                <h3>Maxime Flattet<\/h3>\r\n                        <p>Associate<\/p>\r\n                    <\/a>\r\n                <\/div>\r\n                            <div class=\"avocat-slide\">\r\n                    <a href=\"https:\/\/www.cbwm.ch\/en\/avocats\/patrick-lombardi\/\">\r\n                                                                            <img decoding=\"async\" src=\"https:\/\/www.cbwm.ch\/wp-content\/uploads\/2024\/07\/patrick-lombardi.jpg\" alt=\"Patrick Lombardi\" \/>\r\n                                                <h3>Patrick Lombardi<\/h3>\r\n                        <p>Associate<\/p>\r\n                    <\/a>\r\n                <\/div>\r\n                            <div class=\"avocat-slide\">\r\n                    <a href=\"https:\/\/www.cbwm.ch\/en\/avocats\/diane-petter\/\">\r\n                                                                            <img decoding=\"async\" src=\"https:\/\/www.cbwm.ch\/wp-content\/uploads\/2024\/07\/diane-petter.jpg\" alt=\"Diane Petter\" \/>\r\n                                                <h3>Diane Petter<\/h3>\r\n                        <p>Associate<\/p>\r\n                    <\/a>\r\n                <\/div>\r\n                            <div class=\"avocat-slide\">\r\n                    <a href=\"https:\/\/www.cbwm.ch\/en\/avocats\/gaetan-girard\/\">\r\n                                                                            <img decoding=\"async\" src=\"https:\/\/www.cbwm.ch\/wp-content\/uploads\/2025\/02\/Girard-Gaetan.jpg\" alt=\"Girard Gaetan\" \/>\r\n                                                <h3>Ga\u00e9tan Girard<\/h3>\r\n                        <p>Associate<\/p>\r\n                    <\/a>\r\n                <\/div>\r\n                            <div class=\"avocat-slide\">\r\n                    <a href=\"https:\/\/www.cbwm.ch\/en\/avocats\/constance-nizard\/\">\r\n                                                                            <img decoding=\"async\" src=\"https:\/\/www.cbwm.ch\/wp-content\/uploads\/2025\/04\/Nizard-Halfon-Constance_sJXElN5w-scaled.jpeg\" alt=\"\" \/>\r\n                                                <h3>Constance Nizard<\/h3>\r\n                        <p>Associate<\/p>\r\n                    <\/a>\r\n                <\/div>\r\n                            <div class=\"avocat-slide\">\r\n                    <a href=\"https:\/\/www.cbwm.ch\/en\/avocats\/david-zandirad\/\">\r\n                                                                            <img decoding=\"async\" src=\"https:\/\/www.cbwm.ch\/wp-content\/uploads\/2024\/07\/david-zandirad-e1739874818902.jpg\" alt=\"David Zandirad\" \/>\r\n                                                <h3>David Zandirad<\/h3>\r\n                        <p>Associate<\/p>\r\n                    <\/a>\r\n                <\/div>\r\n                            <div class=\"avocat-slide\">\r\n                    <a href=\"https:\/\/www.cbwm.ch\/en\/avocats\/pascal-favrod-coune\/\">\r\n                                                                            <img decoding=\"async\" src=\"https:\/\/www.cbwm.ch\/wp-content\/uploads\/2026\/03\/DSC_5711-scaled.jpg\" alt=\"\" \/>\r\n                                                <h3>Pascal Favrod-Coune<\/h3>\r\n                        <p>Associate<\/p>\r\n                    <\/a>\r\n                <\/div>\r\n                            <div class=\"avocat-slide\">\r\n                    <a href=\"https:\/\/www.cbwm.ch\/en\/avocats\/semsija-etemi\/\">\r\n                                                                            <img decoding=\"async\" src=\"https:\/\/www.cbwm.ch\/wp-content\/uploads\/2024\/07\/Semsija-Etemi.jpg\" alt=\"Semsija Etemi\" \/>\r\n                                                <h3>Semsija Etemi<\/h3>\r\n                        <p>Trainee<\/p>\r\n                    <\/a>\r\n                <\/div>\r\n                            <div class=\"avocat-slide\">\r\n                    <a href=\"https:\/\/www.cbwm.ch\/en\/avocats\/ines-cipriano\/\">\r\n                                                                            <img decoding=\"async\" src=\"https:\/\/www.cbwm.ch\/wp-content\/uploads\/2025\/02\/Cipriano-Ines.jpg\" alt=\"In\u00e8s Cipriano\" \/>\r\n                                                <h3>In\u00e8s Cipriano<\/h3>\r\n                        <p>Trainee<\/p>\r\n                    <\/a>\r\n                <\/div>\r\n                    <\/div>\r\n    <\/div>\r\n\n\n\n<div class=\"wp-block-buttons is-content-justification-center is-layout-flex wp-container-core-buttons-is-layout-16018d1d wp-block-buttons-is-layout-flex\">\n<div class=\"wp-block-button\"><a class=\"wp-block-button__link wp-element-button\" href=\"https:\/\/www.cbwm.ch\/en\/lawyers\/\">See our team<\/a><\/div>\n<\/div>\n<\/div>\n\n\n\n<div class=\"wp-block-group alignfull is-style-section has-grey-color-background-color has-background\"><div class=\"container\">\n<h2 class=\"wp-block-heading has-text-align-center\">Need us ?<\/h2>\n\n\n\n<div class=\"wp-block-buttons is-content-justification-center is-layout-flex wp-container-core-buttons-is-layout-16018d1d wp-block-buttons-is-layout-flex\">\n<div class=\"wp-block-button\"><a class=\"wp-block-button__link wp-element-button\" href=\"https:\/\/www.cbwm.ch\/contact\/\">Contact us<\/a><\/div>\n<\/div>\n<\/div><\/div>\n","protected":false},"excerpt":{"rendered":"<p>Our latest news Lawyers Proven, complementary services from specialists<\/p>\n","protected":false},"author":1,"featured_media":0,"parent":0,"menu_order":0,"comment_status":"closed","ping_status":"closed","template":"","meta":{"_acf_changed":false,"footnotes":""},"class_list":["post-4816","page","type-page","status-publish","hentry"],"acf":[],"aioseo_notices":[],"_links":{"self":[{"href":"https:\/\/www.cbwm.ch\/en\/wp-json\/wp\/v2\/pages\/4816","targetHints":{"allow":["GET"]}}],"collection":[{"href":"https:\/\/www.cbwm.ch\/en\/wp-json\/wp\/v2\/pages"}],"about":[{"href":"https:\/\/www.cbwm.ch\/en\/wp-json\/wp\/v2\/types\/page"}],"author":[{"embeddable":true,"href":"https:\/\/www.cbwm.ch\/en\/wp-json\/wp\/v2\/users\/1"}],"replies":[{"embeddable":true,"href":"https:\/\/www.cbwm.ch\/en\/wp-json\/wp\/v2\/comments?post=4816"}],"version-history":[{"count":5,"href":"https:\/\/www.cbwm.ch\/en\/wp-json\/wp\/v2\/pages\/4816\/revisions"}],"predecessor-version":[{"id":4833,"href":"https:\/\/www.cbwm.ch\/en\/wp-json\/wp\/v2\/pages\/4816\/revisions\/4833"}],"wp:attachment":[{"href":"https:\/\/www.cbwm.ch\/en\/wp-json\/wp\/v2\/media?parent=4816"}],"curies":[{"name":"wp","href":"https:\/\/api.w.org\/{rel}","templated":true}]}}